{"id":1104,"date":"2023-04-20T10:42:10","date_gmt":"2023-04-20T13:42:10","guid":{"rendered":"https:\/\/isfd243-bue.infd.edu.ar\/sitio\/?page_id=1104"},"modified":"2026-04-07T14:23:23","modified_gmt":"2026-04-07T17:23:23","slug":"comunicados-institucionales","status":"publish","type":"page","link":"https:\/\/isfd243-bue.infd.edu.ar\/sitio\/comunicados-institucionales\/","title":{"rendered":"Comunicados Institucionales"},"content":{"rendered":"\n<figure class=\"wp-block-table\"><table><tbody><tr><td>FECHA<\/td><td>NORMATIVA\/COMUNICADO<\/td><\/tr><tr><td>&nbsp;29\/12\/2023<\/td><td>&nbsp;Correlatividades Plan de estudios del profesorado de Educaci\u00f3n Primaria <a href=\"https:\/\/drive.google.com\/file\/d\/1zl5nqNpkacv-czIDLcizumC3hBUmRuki\/view?usp=drive_link\" data-type=\"URL\" data-id=\"https:\/\/drive.google.com\/file\/d\/1zl5nqNpkacv-czIDLcizumC3hBUmRuki\/view?usp=drive_link\">https:\/\/drive.google.com\/file\/d\/1zl5nqNpkacv-czIDLcizumC3hBUmRuki\/view?usp=drive_link<\/a><\/td><\/tr><tr><td>16\/06\/2025<\/td><td> Resoluci\u00f3n 2076\/2024 Tramo de Formaci\u00f3n Pedag\u00f3gica<br>https:\/\/drive.google.com\/file\/d\/1SK-tfOrabxPjQ6vBKYu_tdlxsrJUP0ei\/view?usp=drive_link<br><\/td><\/tr><tr><td>27\/11\/2024<\/td><td>R\u00e9gimen Acad\u00e9mico Marco resoluci\u00f3n 4196\/24- IMPLEMENTACI\u00d3N 2025<br><br>ANEXO I <a href=\"https:\/\/drive.google.com\/file\/d\/1J9oZiYXYGGHSsu0pqkB_E3zKD-yBOpvF\/view?usp=sharing\">https:\/\/drive.google.com\/file\/d\/1J9oZiYXYGGHSsu0pqkB_E3zKD-yBOpvF\/view?usp=sharing<\/a><br>ANEXO II <a href=\"https:\/\/drive.google.com\/file\/d\/1QAT8PmCb0zAMAS1LzuyyqcfYGtBeMyoJ\/view?usp=sharing\">https:\/\/drive.google.com\/file\/d\/1QAT8PmCb0zAMAS1LzuyyqcfYGtBeMyoJ\/view?usp=sharing<\/a><br>ANEXO III <a href=\"https:\/\/drive.google.com\/file\/d\/1S77rHn-xEZTpusH7aZX634qNTlPMg8LT\/view?usp=sharing\">https:\/\/drive.google.com\/file\/d\/1S77rHn-xEZTpusH7aZX634qNTlPMg8LT\/view?usp=sharing<\/a><\/td><\/tr><tr><td>&nbsp;16\/02\/2026<\/td><td>&nbsp;Cronograma de Actividades docentes 2026 <a href=\"https:\/\/drive.google.com\/file\/d\/1L3hgTy2MThXCKJJ2oarNv9BmGfBFyoH3\/view?usp=sharing\">https:\/\/drive.google.com\/file\/d\/1L3hgTy2MThXCKJJ2oarNv9BmGfBFyoH3\/view?usp=sharing<\/a><br><\/td><\/tr><tr><td>&nbsp;18\/02\/2024<\/td><td>INSTRUCCIONES GENERALES<br>&nbsp;<a href=\"https:\/\/drive.google.com\/file\/d\/1vMbuAF2vfaedZfiuCrbl0bYpgwaOE8ds\/view?usp=drive_link\" data-type=\"URL\" data-id=\"https:\/\/drive.google.com\/file\/d\/1vMbuAF2vfaedZfiuCrbl0bYpgwaOE8ds\/view?usp=drive_link\">https:\/\/drive.google.com\/file\/d\/1vMbuAF2vfaedZfiuCrbl0bYpgwaOE8ds\/view?usp=drive_link<\/a><\/td><\/tr><tr><td>&nbsp;18\/02\/2024<\/td><td>CONMEMORACIONES Y CELEBRACIONES<br>&nbsp;<a href=\"https:\/\/drive.google.com\/file\/d\/10-Ua6Zugy8fYEBNA57WbOY7XxiGzQgwj\/view?usp=drive_link\" data-type=\"URL\" data-id=\"https:\/\/drive.google.com\/file\/d\/10-Ua6Zugy8fYEBNA57WbOY7XxiGzQgwj\/view?usp=drive_link\">https:\/\/drive.google.com\/file\/d\/10-Ua6Zugy8fYEBNA57WbOY7XxiGzQgwj\/view?usp=drive_link<\/a><\/td><\/tr><tr><td>&nbsp;18\/02\/2024<\/td><td>&nbsp;PROTOCOLO PARA LOS ACTOS DE<br>IMPOSICI\u00d3N DE NOMBRE DE ESTABLECIMIENTOS EDUCATIVOS<br><a href=\"https:\/\/drive.google.com\/file\/d\/14nht9oEcCQfrGFfc3drhs8gzDEI5KBk6\/view?usp=drive_link\" data-type=\"URL\" data-id=\"https:\/\/drive.google.com\/file\/d\/14nht9oEcCQfrGFfc3drhs8gzDEI5KBk6\/view?usp=drive_link\">https:\/\/drive.google.com\/file\/d\/14nht9oEcCQfrGFfc3drhs8gzDEI5KBk6\/view?usp=drive_link<\/a><\/td><\/tr><tr><td>&nbsp;17\/03\/2025<\/td><td>&nbsp;CRONOGRAMA de ACTOS ESCOLARES ISFD N\u00aa 243: <a href=\"https:\/\/docs.google.com\/document\/d\/1yPwLFqNfcgwZufbgyguPy6lrP6LHeoBa\/edit?usp=sharing&amp;ouid=106113351707462370564&amp;rtpof=true&amp;sd=true\">https:\/\/docs.google.com\/document\/d\/1yPwLFqNfcgwZufbgyguPy6lrP6LHeoBa\/edit?usp=sharing&amp;ouid=106113351707462370564&amp;rtpof=true&amp;sd=true<\/a><\/td><\/tr><tr><td>18\/02\/2024<\/td><td>ACUERDOS INSTITUCIONALES DE CONVIVENCIA (en desarrollo) <a href=\"https:\/\/docs.google.com\/document\/d\/1AzXZ2SSCses18VreX4NXSOWvUHEGpRlSjA1O4Zofp8g\/edit?usp=sharing\">https:\/\/docs.google.com\/document\/d\/1AzXZ2SSCses18VreX4NXSOWvUHEGpRlSjA1O4Zofp8g\/edit?usp=sharing<\/a><\/td><\/tr><tr><td>25\/07\/2025<\/td><td>Documento base de las Jornadas LEER EN COMUNIDAD 2025:<a href=\"https:\/\/drive.google.com\/file\/d\/1WHTUEMQBgRt3laXFG8s-Mhmfj-QJDDtD\/view?usp=sharing\">https:\/\/drive.google.com\/file\/d\/1WHTUEMQBgRt3laXFG8s-Mhmfj-QJDDtD\/view?usp=sharing<\/a><\/td><\/tr><tr><td>&nbsp;29\/05\/2024<\/td><td>&nbsp;Manual de formaci\u00f3n y fortalecimiento de Cooperadoras escolares<a href=\"https:\/\/abc.gob.ar\/secretarias\/sites\/default\/files\/2024-03\/Manual%20de%20formaci%C3%B3n%20y%20fortalecimiento%20para%20Cooperadoras%20Escolares.pdf\">https:\/\/abc.gob.ar\/secretarias\/sites\/default\/files\/2024-03\/Manual%20de%20formaci%C3%B3n%20y%20fortalecimiento%20para%20Cooperadoras%20Escolares.pdf<\/a><\/td><\/tr><tr><td>&nbsp;29\/05\/2024<\/td><td>&nbsp;Direcci\u00f3n de Cooperadoras Escolares <a href=\"https:\/\/abc.gob.ar\/secretarias\/areas\/subsecretaria-de-educacion\/cooperacion-y-participacion-comunitaria\/cooperacion-escolar-0\">https:\/\/abc.gob.ar\/secretarias\/areas\/subsecretaria-de-educacion\/cooperacion-y-participacion-comunitaria\/cooperacion-escolar-0<\/a><\/td><\/tr><tr><td>&nbsp;30\/12\/2025<\/td><td><br><strong>Pruebas de Selecci\u00f3n por evaluaci\u00f3n de t\u00edtulos, antecedentes y oposici\u00f3n para la cobertura de cargos del Nivel Superior Resoluci\u00f3n N\u00b0 6179\/25<\/strong><br><a href=\"https:\/\/drive.google.com\/file\/d\/1B_ijn2Nq2FoGmX7OagoRqLyAIHqR9IGk\/view?usp=sharing\">https:\/\/drive.google.com\/file\/d\/1B_ijn2Nq2FoGmX7OagoRqLyAIHqR9IGk\/view?usp=sharing<\/a><\/td><\/tr><tr><td>&nbsp;30\/12\/2025<\/td><td>&nbsp;Resoluci\u00f3n n\u00b0 5746\/23 Dise\u00f1o Curricular del profesorado de Educaci\u00f3n Secundaria T\u00e9cnica Profesional en electromec\u00e1nica<br><a href=\"https:\/\/drive.google.com\/file\/d\/1xAGWwcYAP_8ulv6_Tv8k3OjAeHIjAoDx\/view?usp=sharing\">https:\/\/drive.google.com\/file\/d\/1xAGWwcYAP_8ulv6_Tv8k3OjAeHIjAoDx\/view?usp=sharing<\/a><\/td><\/tr><tr><td>01\/06\/2024<\/td><td>Reglamento general de las instituciones educativas <a href=\"https:\/\/drive.google.com\/file\/d\/1x1rWZ_llkFjDqZ1P_Xl3WGzi5EDODNoD\/view?usp=drive_link\">https:\/\/drive.google.com\/file\/d\/1x1rWZ_llkFjDqZ1P_Xl3WGzi5EDODNoD\/view?usp=drive_link<\/a><\/td><\/tr><tr><td>01\/06\/2024<\/td><td>Reglamento de institutos superiores <a href=\"https:\/\/drive.google.com\/drive\/folders\/1l8sra5gt3HaeTIZgKiCDNNdL9M43tNjk?usp=drive_link\">https:\/\/drive.google.com\/drive\/folders\/1l8sra5gt3HaeTIZgKiCDNNdL9M43tNjk?usp=drive_link<\/a><\/td><\/tr><tr><td>24\/07\/2024<\/td><td>Documento de comunicaci\u00f3n institucional N\u00ba1 ISFD N\u00ba243<a href=\"https:\/\/drive.google.com\/file\/d\/1bF961HUsfKJf_O_p9JtIclA-enANcRZO\/view?usp=drive_link\">https:\/\/drive.google.com\/file\/d\/1bF961HUsfKJf_O_p9JtIclA-enANcRZO\/view?usp=drive_link<\/a><\/td><\/tr><tr><td>07\/04\/2026<\/td><td>Becas Progresar 2026: <a href=\"https:\/\/drive.google.com\/drive\/folders\/1okVOvdd18nNHSSlkXkzHOkNkCTNEsgOb?usp=sharing\">https:\/\/drive.google.com\/drive\/folders\/1okVOvdd18nNHSSlkXkzHOkNkCTNEsgOb?usp=sharing<\/a><\/td><\/tr><\/tbody><\/table><figcaption class=\"wp-element-caption\"><strong>Importante <\/strong><\/figcaption><\/figure>\n\n\n\n<p>La normativa provincial y nacional del nivel superior hasta el a\u00f1o 2022 la pueden encontrar en el siguiente linK:&nbsp;<a rel=\"noreferrer noopener\" href=\"https:\/\/drive.google.com\/drive\/folders\/1pv1trcpLufKdfIX6KVZLN2VdiPaAcfTJ?usp=sharing\" target=\"_blank\">https:\/\/drive.google.com\/drive\/folders\/1pv1trcpLufKdfIX6KVZLN2VdiPaAcfTJ?usp=sharing<\/a><\/p>\n","protected":false},"excerpt":{"rendered":"<p>FECHA NORMATIVA\/COMUNICADO &nbsp;29\/12\/2023 &nbsp;Correlatividades Plan de estudios del profesorado de Educaci\u00f3n Primaria https:\/\/drive.google.com\/file\/d\/1zl5nqNpkacv-czIDLcizumC3hBUmRuki\/view?usp=drive_link 16\/06\/2025 Resoluci\u00f3n 2076\/2024 Tramo de Formaci\u00f3n Pedag\u00f3gicahttps:\/\/drive.google.com\/file\/d\/1SK-tfOrabxPjQ6vBKYu_tdlxsrJUP0ei\/view?usp=drive_link 27\/11\/2024 R\u00e9gimen Acad\u00e9mico Marco resoluci\u00f3n 4196\/24- IMPLEMENTACI\u00d3N 2025 ANEXO I https:\/\/drive.google.com\/file\/d\/1J9oZiYXYGGHSsu0pqkB_E3zKD-yBOpvF\/view?usp=sharingANEXO II https:\/\/drive.google.com\/file\/d\/1QAT8PmCb0zAMAS1LzuyyqcfYGtBeMyoJ\/view?usp=sharingANEXO III https:\/\/drive.google.com\/file\/d\/1S77rHn-xEZTpusH7aZX634qNTlPMg8LT\/view?usp=sharing &nbsp;16\/02\/2026 &nbsp;Cronograma de Actividades docentes 2026 https:\/\/drive.google.com\/file\/d\/1L3hgTy2MThXCKJJ2oarNv9BmGfBFyoH3\/view?usp=sharing &nbsp;18\/02\/2024 INSTRUCCIONES GENERALES&nbsp;https:\/\/drive.google.com\/file\/d\/1vMbuAF2vfaedZfiuCrbl0bYpgwaOE8ds\/view?usp=drive_link &nbsp;18\/02\/2024 CONMEMORACIONES Y CELEBRACIONES&nbsp;https:\/\/drive.google.com\/file\/d\/10-Ua6Zugy8fYEBNA57WbOY7XxiGzQgwj\/view?usp=drive_link &nbsp;18\/02\/2024 &nbsp;PROTOCOLO PARA LOS ACTOS DEIMPOSICI\u00d3N &#8230; <a title=\"Comunicados Institucionales\" class=\"read-more\" href=\"https:\/\/isfd243-bue.infd.edu.ar\/sitio\/comunicados-institucionales\/\" aria-label=\"M\u00e1s en Comunicados Institucionales\">[+]<\/a><\/p>\n","protected":false},"author":148,"featured_media":0,"parent":0,"menu_order":0,"comment_status":"closed","ping_status":"closed","template":"","meta":[],"acf":[],"_links":{"self":[{"href":"https:\/\/isfd243-bue.infd.edu.ar\/sitio\/wp-json\/wp\/v2\/pages\/1104"}],"collection":[{"href":"https:\/\/isfd243-bue.infd.edu.ar\/sitio\/wp-json\/wp\/v2\/pages"}],"about":[{"href":"https:\/\/isfd243-bue.infd.edu.ar\/sitio\/wp-json\/wp\/v2\/types\/page"}],"author":[{"embeddable":true,"href":"https:\/\/isfd243-bue.infd.edu.ar\/sitio\/wp-json\/wp\/v2\/users\/148"}],"replies":[{"embeddable":true,"href":"https:\/\/isfd243-bue.infd.edu.ar\/sitio\/wp-json\/wp\/v2\/comments?post=1104"}],"version-history":[{"count":22,"href":"https:\/\/isfd243-bue.infd.edu.ar\/sitio\/wp-json\/wp\/v2\/pages\/1104\/revisions"}],"predecessor-version":[{"id":2372,"href":"https:\/\/isfd243-bue.infd.edu.ar\/sitio\/wp-json\/wp\/v2\/pages\/1104\/revisions\/2372"}],"wp:attachment":[{"href":"https:\/\/isfd243-bue.infd.edu.ar\/sitio\/wp-json\/wp\/v2\/media?parent=1104"}],"curies":[{"name":"wp","href":"https:\/\/api.w.org\/{rel}","templated":true}]}}