{"id":1805,"date":"2025-03-23T19:50:18","date_gmt":"2025-03-23T22:50:18","guid":{"rendered":"https:\/\/isfd243-bue.infd.edu.ar\/sitio\/?page_id=1805"},"modified":"2025-03-23T20:35:32","modified_gmt":"2025-03-23T23:35:32","slug":"solicitud-de-equivalencias","status":"publish","type":"page","link":"https:\/\/isfd243-bue.infd.edu.ar\/sitio\/solicitud-de-equivalencias\/","title":{"rendered":"Solicitud de EQUIVALENCIAS"},"content":{"rendered":"\n<pre class=\"wp-block-preformatted\">Un\/a estudiante podr\u00e1 solicitar equivalencia de una determinada materia, cuando hubiera aprobado estudios de contenidos similares o equivalentes (finales aprobados, no cursadas parciales), realizados en el mismo Instituto, en otra Instituci\u00f3n de Nivel Superior (oficial o privada debidamente reconocida), o en una universidad.\n\nTal como lo establece el \u00edtem 8.10 del Anexo 1 del <a href=\"https:\/\/drive.google.com\/file\/d\/1J9oZiYXYGGHSsu0pqkB_E3zKD-yBOpvF\/view?usp=sharing\" target=\"_blank\" rel=\"noreferrer noopener\">nuevo RAM (Resoluci\u00f3n 4196\/24<\/a>), las unidades curriculares acreditadas no pierden vigencia, por lo tanto, se pueden pedir equivalencias sin tener en cuenta la fecha en la que se aprob\u00f3 el examen final.\n\n\n\nEn el nuevo RAM se establecen dos tipos de Equivalencias:<\/pre>\n\n\n\n<figure class=\"wp-block-table is-style-stripes\"><table><tbody><tr><td class=\"has-text-align-left\" data-align=\"left\"><strong>EQUIVALENCIA AUTOM\u00c1TICA<\/strong> <\/td><td class=\"has-text-align-left\" data-align=\"left\"><strong>PAUTAS PARA SOLICITAR EQUIVALENCIA AUTOM\u00c1TICA<\/strong><\/td><\/tr><tr><td class=\"has-text-align-left\" data-align=\"left\"><br>Se solicita en el caso de \u201cunidades curriculares con la misma denominaci\u00f3n y contenidos en los planes de estudio de las carreras vigentes en la jurisdicci\u00f3n\u201d. (RAM, p\u00e1g. 16) Nuestra Regi\u00f3n es la IX<br><br>Para saber cu\u00e1les son autom\u00e1ticas con la carrera de nuestro ISFD pueden consultar los archivos de comparativa de <strong><a rel=\"noreferrer noopener\" href=\"https:\/\/docs.google.com\/spreadsheets\/d\/1R0z4kZi5_7YMTU_Jsl0qS8H0dRxpD1gEOXe48blnuiM\/edit?usp=sharing\" target=\"_blank\">Dise\u00f1os curriculares&nbsp;AQU\u00cd<\/a><\/strong>. <br><br>Se deber\u00e1 \u201cacompa\u00f1ar la solicitud con el certificado anal\u00edtico de estudios realizados\u201d (RAM, p\u00e1g. 16)<br><img decoding=\"async\" loading=\"lazy\" width=\"640\" height=\"640\" class=\"wp-image-1825\" style=\"width: 100px;\" src=\"https:\/\/isfd243-bue.infd.edu.ar\/sitio\/wp-content\/uploads\/2025\/03\/flecha.gif\" alt=\"\"><\/td><td class=\"has-text-align-left\" data-align=\"left\">&#8211; Deber\u00e1 presentar un \u00fanico ejemplar de los Formularios&nbsp;<a rel=\"noreferrer noopener\" href=\"https:\/\/drive.google.com\/file\/d\/1RlELReSgcbEIJ7slUPK85csQZGpf0zxo\/view?usp=sharing\" target=\"_blank\"><strong>A14<\/strong>&nbsp;(<strong>Solicitud de equivalencia, resumen<\/strong><\/a>) y&nbsp;<a href=\"https:\/\/drive.google.com\/file\/d\/1HCmzFRR9raMoKJdcxpDDMwjXe7k-mhnn\/view?usp=sharing\" target=\"_blank\" rel=\"noreferrer noopener\"><strong>A14a<\/strong> (<strong>Solicitud de equivalencia, por asignatura<\/strong>)<br><\/a><br>&#8211; Debe acompa\u00f1ar la solicitud con el <strong>certificado anal\u00edtico de estudios<\/strong> realizados. <br><br>&#8211; Cursar la unidad curricular cuya acreditaci\u00f3n se solicita por equivalencia, hasta tanto se le confirme fehacientemente que se le otorg\u00f3 lo solicitado.&nbsp;<br><br><br><br><br><\/td><\/tr><tr><td class=\"has-text-align-left\" data-align=\"left\"><strong>EQUIVALENCIA TOTAL o PARCIAL <\/strong><\/td><td class=\"has-text-align-left\" data-align=\"left\"><strong>PAUTAS PARA SOLICITAR EQUIVALENCIA TOTAL o PARCIAL<\/strong><\/td><\/tr><tr><td class=\"has-text-align-left\" data-align=\"left\">\u201cSe ponderan los saberes acreditados en carreras del nivel superior reconocidas.\u201d (RAM, p\u00e1g. 17). <br><br>Para solicitarlas deber\u00e1n presentar \u201cel certificado anal\u00edtico de estudios realizados (Anal\u00edtico parcial) y, los programas que correspondan, en los que conste carga horaria, contenidos y bibliograf\u00eda, de las unidades curriculares en las que solicita equivalencia. <br><br>La documentaci\u00f3n deber\u00e1 estar foliada, con firma y sello de las autoridades de la instituci\u00f3n emisora.\u201d (RAM, p\u00e1g. 17)&nbsp;<br><br><img decoding=\"async\" loading=\"lazy\" width=\"640\" height=\"640\" class=\"wp-image-1825\" style=\"width: 100px;\" src=\"https:\/\/isfd243-bue.infd.edu.ar\/sitio\/wp-content\/uploads\/2025\/03\/flecha.gif\" alt=\"\"><\/td><td class=\"has-text-align-left\" data-align=\"left\">&#8211; Deber\u00e1 presentar un \u00fanico ejemplar del&nbsp;&nbsp;<a rel=\"noreferrer noopener\" href=\"https:\/\/drive.google.com\/file\/d\/1RlELReSgcbEIJ7slUPK85csQZGpf0zxo\/view?usp=sharing\" target=\"_blank\"><strong>Formulario A14&nbsp;<\/strong>(<strong>Solicitud de equivalencia, resumen<\/strong>)<\/a><br><br>&#8211; Un&nbsp;<strong><a href=\"https:\/\/drive.google.com\/file\/d\/1HCmzFRR9raMoKJdcxpDDMwjXe7k-mhnn\/view?usp=sharing\" target=\"_blank\" rel=\"noreferrer noopener\">Formulario A14a<\/a>&nbsp;<\/strong>por cada equivalencia solicitada&nbsp;<strong>&nbsp;(Solicitud de equivalencia, por asignatura)<\/strong>, cada ejemplar deber\u00e1 estar acompa\u00f1ado del&nbsp;<strong>programa de la materia<\/strong>&nbsp;en el que conste carga horaria, contenidos y bibliograf\u00eda. Dicho programa deber\u00e1 estar debidamente certificado, es decir, debe estar foliado, firmado y sellado por la instituci\u00f3n donde se curs\u00f3 y acredit\u00f3.<br><br><strong>&#8211; Certificado anal\u00edtico de estudios realizados&nbsp;<\/strong>donde conste fecha de acreditaci\u00f3n, calificaci\u00f3n, firma y sello de la instituci\u00f3n.<br><br>&#8211; Cursar la unidad curricular cuya acreditaci\u00f3n se solicita por equivalencia, hasta tanto se le confirme fehacientemente que se le otorg\u00f3 lo solicitado.&nbsp;<\/td><\/tr><\/tbody><\/table><\/figure>\n\n\n\n<div class=\"wp-block-media-text alignwide is-stacked-on-mobile\" style=\"grid-template-columns:26% auto\"><figure class=\"wp-block-media-text__media\"><img decoding=\"async\" loading=\"lazy\" width=\"640\" height=\"640\" src=\"https:\/\/isfd243-bue.infd.edu.ar\/sitio\/wp-content\/uploads\/2025\/03\/objetivos-1.gif\" alt=\"\" class=\"wp-image-1827 size-full\"\/><\/figure><div class=\"wp-block-media-text__content\">\n<p>Es posible solicitar equivalencias para unidades curriculares que van de 1\u00b0 a 4\u00b0 a\u00f1o, en un mismo pedido. Sin embargo, las mismas impactar\u00e1n en el porcentaje de materias a\u00f1o a a\u00f1o, y solo hasta 3\u00b0 a\u00f1o, ya que el instituto reci\u00e9n en el a\u00f1o 2026, abre el 4\u00b0 a\u00f1o.-<\/p>\n\n\n\n<p>Las equivalencias no se dan sobre equivalencias. Siempre se presenta la documentaci\u00f3n sobre la asignatura original cursada y acreditada.<\/p>\n\n\n\n<p><strong>PER\u00cdODO DE RECEPCI\u00d3N DE DOCUMENTACI\u00d3N: hasta el 30\/4\/2025<\/strong><\/p>\n\n\n\n<p><em>La documentaci\u00f3n<\/em> <em>se presenta en un \u00fanico Folio Oficio con etiqueta (en blanco) y ante la Secretaria del instituto.<\/em><\/p>\n<\/div><\/div>\n\n\n\n<pre class=\"wp-block-preformatted\"><strong>PROCEDIMIENTO<\/strong>\n\nCon esta documentaci\u00f3n, se conformar\u00e1 un legajo \u00fanico por cada alumno\/a y se proceder\u00e1 a verificar que la documentaci\u00f3n presentada cumpla los requisitos solicitados y se halle debidamente certificada por autoridad competente.\n\nLos docentes especializados emitir\u00e1n un informe sobre el resultado de la equivalencia que se transcribir\u00e1 en la hoja de solicitud completa por el\/la estudiante.\n\nEl resultado podr\u00e1 ser alguna de estas alternativas:\n\n\u2022 Se otorga la equivalencia total de la perspectiva y\/o asignatura.\n\n\u2022 Se otorga equivalencia parcial de la perspectiva. Por ello, el docente deber\u00e1 presentar un proyecto de compensaci\u00f3n a cumplimentar por el alumno\/a por la parte del proyecto curricular faltante.\n\n\u2022 No se otorga equivalencia.\n\nCumplimentado en su totalidad el legajo por el cuerpo docente, se solicitar\u00e1 el aval del equipo directivo a los criterios emitidos por los docentes.\n\nLuego el\/la estudiante deber\u00e1 notificarse de los criterios emitidos.\n<\/pre>\n","protected":false},"excerpt":{"rendered":"<p>Un\/a estudiante podr\u00e1 solicitar equivalencia de una determinada materia, cuando hubiera aprobado estudios de contenidos similares o equivalentes (finales aprobados, no cursadas parciales), realizados en el mismo Instituto, en otra Instituci\u00f3n de Nivel Superior (oficial o privada debidamente reconocida), o en una universidad. Tal como lo establece el \u00edtem 8.10 del Anexo 1 del nuevo &#8230; <a title=\"Solicitud de EQUIVALENCIAS\" class=\"read-more\" href=\"https:\/\/isfd243-bue.infd.edu.ar\/sitio\/solicitud-de-equivalencias\/\" aria-label=\"M\u00e1s en Solicitud de EQUIVALENCIAS\">[+]<\/a><\/p>\n","protected":false},"author":375,"featured_media":0,"parent":0,"menu_order":0,"comment_status":"closed","ping_status":"closed","template":"","meta":[],"acf":[],"_links":{"self":[{"href":"https:\/\/isfd243-bue.infd.edu.ar\/sitio\/wp-json\/wp\/v2\/pages\/1805"}],"collection":[{"href":"https:\/\/isfd243-bue.infd.edu.ar\/sitio\/wp-json\/wp\/v2\/pages"}],"about":[{"href":"https:\/\/isfd243-bue.infd.edu.ar\/sitio\/wp-json\/wp\/v2\/types\/page"}],"author":[{"embeddable":true,"href":"https:\/\/isfd243-bue.infd.edu.ar\/sitio\/wp-json\/wp\/v2\/users\/375"}],"replies":[{"embeddable":true,"href":"https:\/\/isfd243-bue.infd.edu.ar\/sitio\/wp-json\/wp\/v2\/comments?post=1805"}],"version-history":[{"count":9,"href":"https:\/\/isfd243-bue.infd.edu.ar\/sitio\/wp-json\/wp\/v2\/pages\/1805\/revisions"}],"predecessor-version":[{"id":1838,"href":"https:\/\/isfd243-bue.infd.edu.ar\/sitio\/wp-json\/wp\/v2\/pages\/1805\/revisions\/1838"}],"wp:attachment":[{"href":"https:\/\/isfd243-bue.infd.edu.ar\/sitio\/wp-json\/wp\/v2\/media?parent=1805"}],"curies":[{"name":"wp","href":"https:\/\/api.w.org\/{rel}","templated":true}]}}