{"id":1839,"date":"2025-03-24T12:13:55","date_gmt":"2025-03-24T15:13:55","guid":{"rendered":"https:\/\/isfd243-bue.infd.edu.ar\/sitio\/?page_id=1839"},"modified":"2025-03-24T12:13:56","modified_gmt":"2025-03-24T15:13:56","slug":"materias-pedagogicas-bibliotecologia","status":"publish","type":"page","link":"https:\/\/isfd243-bue.infd.edu.ar\/sitio\/materias-pedagogicas-bibliotecologia\/","title":{"rendered":"Materias Pedag\u00f3gicas &#8211; Bibliotecolog\u00eda"},"content":{"rendered":"\n<p class=\"has-base-3-color has-accent-background-color has-text-color has-background has-large-font-size\">Convenio con I.S.F.T. N\u00b0182 de San Miguel<\/p>\n\n\n\n<p style=\"font-style:italic;font-weight:500\">Seg\u00fan la <a rel=\"noreferrer noopener\" href=\"https:\/\/abc.gob.ar\/secretarias\/sites\/default\/files\/2023-12\/TS%20en%20Bibliotec%20Instit%20Educativas%20-%20Res.%205498-23%20y%20Anexo.pdf\" target=\"_blank\">Resoluci\u00f3n 5487\/23<\/a>, la Tecnicatura Superior en Bibliotecolog\u00eda de Instituciones Educativas dice que <em>\u00abDebido a su futuro desempe\u00f1o en Instituciones Educativas, las\/os estudiantes que no cuenten con t\u00edtulo docente habilitante deber\u00e1n cursar tambi\u00e9n en los Profesorados de Educaci\u00f3n Inicial, Primaria o Secundaria las unidades curriculares que forman parte de los campos y a\u00f1os que se detallan a continuaci\u00f3n\u00bb<\/em>:<\/p>\n\n\n<div class=\"wp-block-image\">\n<figure class=\"aligncenter size-full\"><img decoding=\"async\" loading=\"lazy\" width=\"731\" height=\"199\" src=\"https:\/\/isfd243-bue.infd.edu.ar\/sitio\/wp-content\/uploads\/2025\/03\/image-3.png\" alt=\"\" class=\"wp-image-1843\"\/><\/figure><\/div>\n\n\n<p class=\"has-base-3-color has-accent-background-color has-text-color has-background has-medium-font-size\">Por lo tanto, habilitamos la Inscripci\u00f3n del <strong>25\/3 al 4\/4\/2025<\/strong>, la cual consta de 3 pasos:<\/p>\n\n\n\n<ol>\n<li><strong>Descargar <a rel=\"noreferrer noopener\" href=\"https:\/\/drive.google.com\/file\/d\/1kCbjZ69s2-VJ0iCnA0HLXejcl_9pYIcD\/view?usp=sharing\" target=\"_blank\">la Planilla de Inscripci\u00f3n<\/a>&nbsp;<\/strong>que se encuentra en formato PDF, imprimirla, completar (por duplicado) con sus datos y marcar con una cruz&nbsp;<strong>(X)<\/strong>&nbsp;las materias a las cuales se inscriben<strong>.<\/strong><\/li>\n\n\n\n<li><strong>Completar el siguiente Formulario Google &gt;&gt;<\/strong> <a href=\"https:\/\/forms.gle\/XZeXoS2oXzMGXUdy9\" target=\"_blank\" rel=\"noreferrer noopener\">https:\/\/forms.gle\/XZeXoS2oXzMGXUdy9<\/a><\/li>\n\n\n\n<li>Acercarse personalmente al Instituto los d\u00edas <strong>7 y 8 de abril de 18:30 a 21:00hs,<\/strong> con la siguiente documentaci\u00f3n, en carpeta 3 solapas color CELESTE:\n<ul>\n<li>Fotocopia de DNI (ambos lados)<\/li>\n\n\n\n<li>Fotocopia Acta de nacimiento<\/li>\n\n\n\n<li>Fotocopia de T\u00edtulo secundario (legalizado en Consejo Escolar) o constancia de t\u00edtulo en tr\u00e1mite<\/li>\n\n\n\n<li>Constancia de alumno regular del Instituto de origen<\/li>\n\n\n\n<li>1 foto 4&#215;4<\/li>\n\n\n\n<li>Planilla de Inscripci\u00f3n por duplicado.<\/li>\n<\/ul>\n<\/li>\n<\/ol>\n\n\n\n<p>Los esperamos!!!<\/p>\n\n\n\n<p><em>Equipo Directivo<\/em><\/p>\n","protected":false},"excerpt":{"rendered":"<p>Convenio con I.S.F.T. N\u00b0182 de San Miguel Seg\u00fan la Resoluci\u00f3n 5487\/23, la Tecnicatura Superior en Bibliotecolog\u00eda de Instituciones Educativas dice que \u00abDebido a su futuro desempe\u00f1o en Instituciones Educativas, las\/os estudiantes que no cuenten con t\u00edtulo docente habilitante deber\u00e1n cursar tambi\u00e9n en los Profesorados de Educaci\u00f3n Inicial, Primaria o Secundaria las unidades curriculares que forman &#8230; <a title=\"Materias Pedag\u00f3gicas &#8211; Bibliotecolog\u00eda\" class=\"read-more\" href=\"https:\/\/isfd243-bue.infd.edu.ar\/sitio\/materias-pedagogicas-bibliotecologia\/\" aria-label=\"M\u00e1s en Materias Pedag\u00f3gicas &#8211; Bibliotecolog\u00eda\">[+]<\/a><\/p>\n","protected":false},"author":375,"featured_media":0,"parent":0,"menu_order":0,"comment_status":"closed","ping_status":"closed","template":"","meta":[],"acf":[],"_links":{"self":[{"href":"https:\/\/isfd243-bue.infd.edu.ar\/sitio\/wp-json\/wp\/v2\/pages\/1839"}],"collection":[{"href":"https:\/\/isfd243-bue.infd.edu.ar\/sitio\/wp-json\/wp\/v2\/pages"}],"about":[{"href":"https:\/\/isfd243-bue.infd.edu.ar\/sitio\/wp-json\/wp\/v2\/types\/page"}],"author":[{"embeddable":true,"href":"https:\/\/isfd243-bue.infd.edu.ar\/sitio\/wp-json\/wp\/v2\/users\/375"}],"replies":[{"embeddable":true,"href":"https:\/\/isfd243-bue.infd.edu.ar\/sitio\/wp-json\/wp\/v2\/comments?post=1839"}],"version-history":[{"count":5,"href":"https:\/\/isfd243-bue.infd.edu.ar\/sitio\/wp-json\/wp\/v2\/pages\/1839\/revisions"}],"predecessor-version":[{"id":1868,"href":"https:\/\/isfd243-bue.infd.edu.ar\/sitio\/wp-json\/wp\/v2\/pages\/1839\/revisions\/1868"}],"wp:attachment":[{"href":"https:\/\/isfd243-bue.infd.edu.ar\/sitio\/wp-json\/wp\/v2\/media?parent=1839"}],"curies":[{"name":"wp","href":"https:\/\/api.w.org\/{rel}","templated":true}]}}