{"id":2156,"date":"2025-11-16T18:17:14","date_gmt":"2025-11-16T21:17:14","guid":{"rendered":"https:\/\/isfd243-bue.infd.edu.ar\/sitio\/?page_id=2156"},"modified":"2025-12-11T12:36:36","modified_gmt":"2025-12-11T15:36:36","slug":"plan-de-estudios","status":"publish","type":"page","link":"https:\/\/isfd243-bue.infd.edu.ar\/sitio\/plan-de-estudios\/","title":{"rendered":"Plan de estudios"},"content":{"rendered":"\n<p>PROVINCIA DE BUENOS AIRES<br>DIRECCI\u00d3N GENERAL DE CULTURA Y EDUCACI\u00d3N<br>SUBSECRETAR\u00cdA DE EDUCACI\u00d3N<br>DIRECCI\u00d3N PROVINCIAL DE EDUCACI\u00d3N SUPERIOR<br>DIRECCI\u00d3N DE FORMACI\u00d3N DOCENTE INICIAL<\/p>\n\n\n\n<p class=\"has-accent-color has-text-color\"><br><strong>PROFESORADO DE EDUCACI\u00d3N SECUNDARIA T\u00c9CNICO PROFESIONAL EN ELECTROMEC\u00c1NICA- PELEM<\/strong><br>MODALIDAD PRESENCIAL-R.M. N\u00b0 5746\/2023 -Aprueba el dise\u00f1o del Profesorado de Educaci\u00f3n Secundaria T\u00e9cnico Profesional en Electromec\u00e1nica<br><a href=\"https:\/\/drive.google.com\/file\/d\/1xAGWwcYAP_8ulv6_Tv8k3OjAeHIjAoDx\/view?usp=sharing\">https:\/\/drive.google.com\/file\/d\/1xAGWwcYAP_8ulv6_Tv8k3OjAeHIjAoDx\/view?usp=sharing<\/a><\/p>\n\n\n\n<p class=\"has-base-background-color has-background\"><strong>PRIMER A\u00d1O<\/strong><\/p>\n\n\n\n<figure class=\"wp-block-image size-full\"><img decoding=\"async\" loading=\"lazy\" width=\"764\" height=\"488\" src=\"https:\/\/isfd243-bue.infd.edu.ar\/sitio\/wp-content\/uploads\/2025\/11\/image.png\" alt=\"\" class=\"wp-image-2157\"\/><\/figure>\n\n\n\n<p class=\"has-base-background-color has-background\"><strong>SEGUNDO A\u00d1O<\/strong><\/p>\n\n\n\n<figure class=\"wp-block-image size-full\"><img decoding=\"async\" loading=\"lazy\" width=\"772\" height=\"467\" src=\"https:\/\/isfd243-bue.infd.edu.ar\/sitio\/wp-content\/uploads\/2025\/11\/image-1.png\" alt=\"\" class=\"wp-image-2158\" srcset=\"https:\/\/isfd243-bue.infd.edu.ar\/sitio\/wp-content\/uploads\/2025\/11\/image-1.png 772w, https:\/\/isfd243-bue.infd.edu.ar\/sitio\/wp-content\/uploads\/2025\/11\/image-1-768x465.png 768w\" sizes=\"(max-width: 772px) 100vw, 772px\" \/><\/figure>\n\n\n\n<p class=\"has-base-background-color has-background\"><strong>TERCER A\u00d1O<\/strong><\/p>\n\n\n\n<figure class=\"wp-block-image size-full\"><img decoding=\"async\" loading=\"lazy\" width=\"764\" height=\"486\" src=\"https:\/\/isfd243-bue.infd.edu.ar\/sitio\/wp-content\/uploads\/2025\/11\/image-2.png\" alt=\"\" class=\"wp-image-2159\"\/><\/figure>\n\n\n\n<p class=\"has-base-background-color has-background\"><strong>CUARTO A\u00d1O<\/strong><\/p>\n\n\n\n<figure class=\"wp-block-image size-full\"><img decoding=\"async\" loading=\"lazy\" width=\"777\" height=\"388\" src=\"https:\/\/isfd243-bue.infd.edu.ar\/sitio\/wp-content\/uploads\/2025\/11\/image-3.png\" alt=\"\" class=\"wp-image-2160\" srcset=\"https:\/\/isfd243-bue.infd.edu.ar\/sitio\/wp-content\/uploads\/2025\/11\/image-3.png 777w, https:\/\/isfd243-bue.infd.edu.ar\/sitio\/wp-content\/uploads\/2025\/11\/image-3-768x384.png 768w\" sizes=\"(max-width: 777px) 100vw, 777px\" \/><\/figure>\n\n\n\n<p>TOTAL DE HORAS DE LA CARRERA: 2848<br><\/p>\n","protected":false},"excerpt":{"rendered":"<p>PROVINCIA DE BUENOS AIRESDIRECCI\u00d3N GENERAL DE CULTURA Y EDUCACI\u00d3NSUBSECRETAR\u00cdA DE EDUCACI\u00d3NDIRECCI\u00d3N PROVINCIAL DE EDUCACI\u00d3N SUPERIORDIRECCI\u00d3N DE FORMACI\u00d3N DOCENTE INICIAL PROFESORADO DE EDUCACI\u00d3N SECUNDARIA T\u00c9CNICO PROFESIONAL EN ELECTROMEC\u00c1NICA- PELEMMODALIDAD PRESENCIAL-R.M. N\u00b0 5746\/2023 -Aprueba el dise\u00f1o del Profesorado de Educaci\u00f3n Secundaria T\u00e9cnico Profesional en Electromec\u00e1nicahttps:\/\/drive.google.com\/file\/d\/1xAGWwcYAP_8ulv6_Tv8k3OjAeHIjAoDx\/view?usp=sharing PRIMER A\u00d1O SEGUNDO A\u00d1O TERCER A\u00d1O CUARTO A\u00d1O TOTAL DE HORAS DE &#8230; <a title=\"Plan de estudios\" class=\"read-more\" href=\"https:\/\/isfd243-bue.infd.edu.ar\/sitio\/plan-de-estudios\/\" aria-label=\"M\u00e1s en Plan de estudios\">[+]<\/a><\/p>\n","protected":false},"author":375,"featured_media":0,"parent":0,"menu_order":0,"comment_status":"closed","ping_status":"closed","template":"","meta":[],"acf":[],"_links":{"self":[{"href":"https:\/\/isfd243-bue.infd.edu.ar\/sitio\/wp-json\/wp\/v2\/pages\/2156"}],"collection":[{"href":"https:\/\/isfd243-bue.infd.edu.ar\/sitio\/wp-json\/wp\/v2\/pages"}],"about":[{"href":"https:\/\/isfd243-bue.infd.edu.ar\/sitio\/wp-json\/wp\/v2\/types\/page"}],"author":[{"embeddable":true,"href":"https:\/\/isfd243-bue.infd.edu.ar\/sitio\/wp-json\/wp\/v2\/users\/375"}],"replies":[{"embeddable":true,"href":"https:\/\/isfd243-bue.infd.edu.ar\/sitio\/wp-json\/wp\/v2\/comments?post=2156"}],"version-history":[{"count":2,"href":"https:\/\/isfd243-bue.infd.edu.ar\/sitio\/wp-json\/wp\/v2\/pages\/2156\/revisions"}],"predecessor-version":[{"id":2220,"href":"https:\/\/isfd243-bue.infd.edu.ar\/sitio\/wp-json\/wp\/v2\/pages\/2156\/revisions\/2220"}],"wp:attachment":[{"href":"https:\/\/isfd243-bue.infd.edu.ar\/sitio\/wp-json\/wp\/v2\/media?parent=2156"}],"curies":[{"name":"wp","href":"https:\/\/api.w.org\/{rel}","templated":true}]}}