{"id":644,"date":"2018-06-18T14:12:35","date_gmt":"2018-06-18T17:12:35","guid":{"rendered":"https:\/\/isfd243-bue.infd.edu.ar\/sitio\/?page_id=644"},"modified":"2025-06-16T21:14:06","modified_gmt":"2025-06-17T00:14:06","slug":"catalogo","status":"publish","type":"page","link":"https:\/\/isfd243-bue.infd.edu.ar\/sitio\/catalogo\/","title":{"rendered":"Carreras"},"content":{"rendered":"\n<p class=\"has-text-align-left has-contrast-color has-text-color has-background has-medium-font-size\" style=\"background:linear-gradient(90deg,rgb(202,248,128) 0%,rgb(113,206,126) 100%)\"><strong><em><strong>Tramo de Formaci\u00f3n Pedag\u00f3gico  \/nivel secundario y superior<\/strong><\/em><\/strong><\/p>\n\n\n\n<p><strong>Aprobado por<\/strong>: RES.2076\/24<\/p>\n\n\n\n<p><strong>T\u00edtulo otorgado:<\/strong>  TRAMO DE FORMACI\u00d3N PEDAG\u00d3GICA<\/p>\n\n\n\n<p><strong>Duraci\u00f3n:<\/strong> 4 cuatrimestres  <\/p>\n\n\n\n<p><strong>HORARIOS de CURSADA<\/strong>: mixto, cursada presencial y asincr\u00f3nica, viernes y s\u00e1bados <a href=\"https:\/\/drive.google.com\/file\/d\/1t0oDc6soOtwbIxH5kTvLW9vZtYuH1w1M\/view?usp=sharing\">https:\/\/drive.google.com\/file\/d\/1t0oDc6soOtwbIxH5kTvLW9vZtYuH1w1M\/view?usp=sharing<\/a><\/p>\n\n\n\n<p><strong>PLAN DE ESTUDIO:<\/strong>   <a href=\"https:\/\/drive.google.com\/file\/d\/1SK-tfOrabxPjQ6vBKYu_tdlxsrJUP0ei\/view?usp=sharing\">https:\/\/drive.google.com\/file\/d\/1SK-tfOrabxPjQ6vBKYu_tdlxsrJUP0ei\/view?usp=sharing<\/a><\/p>\n\n\n\n<p><\/p>\n\n\n\n<p class=\"has-text-align-left has-contrast-color has-text-color has-background has-medium-font-size\" style=\"background:linear-gradient(90deg,rgb(202,248,128) 0%,rgb(113,206,126) 100%)\"><strong><em>Profesorado de Educaci\u00f3<\/em><\/strong><em><strong>n Primaria<\/strong><\/em><\/p>\n\n\n\n<p><strong>Aprobado por<\/strong>:   RES. 4157\/07<\/p>\n\n\n\n<p><strong>T\u00edtulo otorgado:<\/strong> Profesor\/a de Educaci\u00f3n Primaria<\/p>\n\n\n\n<p><strong>Duraci\u00f3n<\/strong>: 4 a\u00f1os<\/p>\n\n\n\n<p><strong>HORARIO DE CURSADA<\/strong>: vespertino (de 18:30 a 22:30) + CPD a contraturno ( d\u00edas y horarios dependen del curso)<\/p>\n\n\n\n<p><strong> PLAN DE ESTUDIO<\/strong>: <a href=\"https:\/\/isfd243-bue.infd.edu.ar\/sitio\/catalogo\/plan-de-estudio\/\">https:\/\/isfd243-bue.infd.edu.ar\/sitio\/catalogo\/plan-de-estudio\/<\/a><\/p>\n\n\n\n<p><\/p>\n","protected":false},"excerpt":{"rendered":"<p>Tramo de Formaci\u00f3n Pedag\u00f3gico \/nivel secundario y superior Aprobado por: RES.2076\/24 T\u00edtulo otorgado: TRAMO DE FORMACI\u00d3N PEDAG\u00d3GICA Duraci\u00f3n: 4 cuatrimestres HORARIOS de CURSADA: mixto, cursada presencial y asincr\u00f3nica, viernes y s\u00e1bados https:\/\/drive.google.com\/file\/d\/1t0oDc6soOtwbIxH5kTvLW9vZtYuH1w1M\/view?usp=sharing PLAN DE ESTUDIO: https:\/\/drive.google.com\/file\/d\/1SK-tfOrabxPjQ6vBKYu_tdlxsrJUP0ei\/view?usp=sharing Profesorado de Educaci\u00f3n Primaria Aprobado por: RES. 4157\/07 T\u00edtulo otorgado: Profesor\/a de Educaci\u00f3n Primaria Duraci\u00f3n: 4 a\u00f1os HORARIO DE &#8230; <a title=\"Carreras\" class=\"read-more\" href=\"https:\/\/isfd243-bue.infd.edu.ar\/sitio\/catalogo\/\" aria-label=\"M\u00e1s en Carreras\">[+]<\/a><\/p>\n","protected":false},"author":148,"featured_media":1720,"parent":0,"menu_order":0,"comment_status":"closed","ping_status":"closed","template":"","meta":[],"acf":[],"_links":{"self":[{"href":"https:\/\/isfd243-bue.infd.edu.ar\/sitio\/wp-json\/wp\/v2\/pages\/644"}],"collection":[{"href":"https:\/\/isfd243-bue.infd.edu.ar\/sitio\/wp-json\/wp\/v2\/pages"}],"about":[{"href":"https:\/\/isfd243-bue.infd.edu.ar\/sitio\/wp-json\/wp\/v2\/types\/page"}],"author":[{"embeddable":true,"href":"https:\/\/isfd243-bue.infd.edu.ar\/sitio\/wp-json\/wp\/v2\/users\/148"}],"replies":[{"embeddable":true,"href":"https:\/\/isfd243-bue.infd.edu.ar\/sitio\/wp-json\/wp\/v2\/comments?post=644"}],"version-history":[{"count":18,"href":"https:\/\/isfd243-bue.infd.edu.ar\/sitio\/wp-json\/wp\/v2\/pages\/644\/revisions"}],"predecessor-version":[{"id":1910,"href":"https:\/\/isfd243-bue.infd.edu.ar\/sitio\/wp-json\/wp\/v2\/pages\/644\/revisions\/1910"}],"wp:featuredmedia":[{"embeddable":true,"href":"https:\/\/isfd243-bue.infd.edu.ar\/sitio\/wp-json\/wp\/v2\/media\/1720"}],"wp:attachment":[{"href":"https:\/\/isfd243-bue.infd.edu.ar\/sitio\/wp-json\/wp\/v2\/media?parent=644"}],"curies":[{"name":"wp","href":"https:\/\/api.w.org\/{rel}","templated":true}]}}