{"id":683,"date":"2018-07-25T15:06:14","date_gmt":"2018-07-25T18:06:14","guid":{"rendered":"https:\/\/isfd243-bue.infd.edu.ar\/sitio\/?page_id=683"},"modified":"2026-01-01T21:42:04","modified_gmt":"2026-01-02T00:42:04","slug":"institucional","status":"publish","type":"page","link":"https:\/\/isfd243-bue.infd.edu.ar\/sitio\/institucional\/","title":{"rendered":"El Instituto"},"content":{"rendered":"\n<p class=\"has-electric-grass-gradient-background has-background has-medium-font-size\"><strong>Nombre:<\/strong>&nbsp;<strong><em>I.S.F.D. N\u00b0243<\/em><\/strong><\/p>\n\n\n\n<p><strong>CUE:&nbsp;<\/strong>062442800<\/p>\n\n\n\n<p class=\"has-accent-color has-text-color\"><strong>Ubicaci\u00f3n<\/strong>: <strong>La sede del Instituto es en el edificio de la Escuela Primaria n\u00b0 7 sito en la calle Ing. Pablo Nogu\u00e9s 3061 esquina Guayaquil- Localidad Pablo Nogu\u00e9s \u2013 Distrito Malvinas Argentinas \u2013 Provincia de Buenos Aires. Cuya ubicaci\u00f3n es a 3 ( tres) cuadras de la ruta N\u00b0 197 y 6 (seis) del Ferrocarril&nbsp; Belgrano,&nbsp; Norte, estaci\u00f3n Pablo Nogu\u00e9s.<\/strong><\/p>\n\n\n\n<p><strong>Link google maps<\/strong> <a href=\"https:\/\/goo.gl\/maps\/DG6GMD1DnXGZ4GNTA\">https:\/\/goo.gl\/maps\/DG6GMD1DnXGZ4GNTA<\/a><\/p>\n\n\n\n<p><strong>Tel\u00e9fonos:<\/strong> 02320-688247  <\/p>\n\n\n\n<p><strong>Consultas por email:<\/strong>&nbsp;<a rel=\"noreferrer noopener\" href=\"mailto:ISFDsuperiorsarmientooficial@gmail.com\" target=\"_blank\">isfd243@gmail.com<\/a><\/p>\n\n\n\n<p><strong>Horario de atenci\u00f3n presencial:<\/strong>  19:00 a 21:00 hs<\/p>\n\n\n\n<p><strong>Profesorado de Educaci\u00f3n Primaria <\/strong> <strong>INGRESANTES\/INSCRIPCIONES <\/strong>link a <a href=\"https:\/\/isfd243-bue.infd.edu.ar\/sitio\/estudiantes\/ingresantes\/\" data-type=\"URL\" data-id=\"https:\/\/isfd243-bue.infd.edu.ar\/sitio\/estudiantes\/ingresantes\/\">https:\/\/isfd243-bue.infd.edu.ar\/sitio\/estudiantes\/ingresantes\/<\/a><\/p>\n\n\n\n<p><strong>Tramo de formaci\u00f3n pedag\u00f3gica 2025-2027 <\/strong><a href=\"https:\/\/isfd243-bue.infd.edu.ar\/sitio\/estudiantes\/fechas-importantes\/\">https:\/\/isfd243-bue.infd.edu.ar\/sitio\/estudiantes\/fechas-importantes\/<\/a><\/p>\n\n\n\n<p><strong>Nuevo Profesorado de Educaci\u00f3n Secundaria T\u00e9cnico Profesional en Electromec\u00e1nica <\/strong>(apertura 2026) <a href=\"https:\/\/isfd243-bue.infd.edu.ar\/sitio\/\">https:\/\/isfd243-bue.infd.edu.ar\/sitio\/<\/a><\/p>\n","protected":false},"excerpt":{"rendered":"<p>Nombre:&nbsp;I.S.F.D. N\u00b0243 CUE:&nbsp;062442800 Ubicaci\u00f3n: La sede del Instituto es en el edificio de la Escuela Primaria n\u00b0 7 sito en la calle Ing. Pablo Nogu\u00e9s 3061 esquina Guayaquil- Localidad Pablo Nogu\u00e9s \u2013 Distrito Malvinas Argentinas \u2013 Provincia de Buenos Aires. Cuya ubicaci\u00f3n es a 3 ( tres) cuadras de la ruta N\u00b0 197 y 6 &#8230; <a title=\"El Instituto\" class=\"read-more\" href=\"https:\/\/isfd243-bue.infd.edu.ar\/sitio\/institucional\/\" aria-label=\"M\u00e1s en El Instituto\">[+]<\/a><\/p>\n","protected":false},"author":13,"featured_media":0,"parent":0,"menu_order":0,"comment_status":"closed","ping_status":"closed","template":"","meta":[],"acf":[],"_links":{"self":[{"href":"https:\/\/isfd243-bue.infd.edu.ar\/sitio\/wp-json\/wp\/v2\/pages\/683"}],"collection":[{"href":"https:\/\/isfd243-bue.infd.edu.ar\/sitio\/wp-json\/wp\/v2\/pages"}],"about":[{"href":"https:\/\/isfd243-bue.infd.edu.ar\/sitio\/wp-json\/wp\/v2\/types\/page"}],"author":[{"embeddable":true,"href":"https:\/\/isfd243-bue.infd.edu.ar\/sitio\/wp-json\/wp\/v2\/users\/13"}],"replies":[{"embeddable":true,"href":"https:\/\/isfd243-bue.infd.edu.ar\/sitio\/wp-json\/wp\/v2\/comments?post=683"}],"version-history":[{"count":22,"href":"https:\/\/isfd243-bue.infd.edu.ar\/sitio\/wp-json\/wp\/v2\/pages\/683\/revisions"}],"predecessor-version":[{"id":2240,"href":"https:\/\/isfd243-bue.infd.edu.ar\/sitio\/wp-json\/wp\/v2\/pages\/683\/revisions\/2240"}],"wp:attachment":[{"href":"https:\/\/isfd243-bue.infd.edu.ar\/sitio\/wp-json\/wp\/v2\/media?parent=683"}],"curies":[{"name":"wp","href":"https:\/\/api.w.org\/{rel}","templated":true}]}}