{"id":692,"date":"2018-07-25T15:09:46","date_gmt":"2018-07-25T18:09:46","guid":{"rendered":"https:\/\/isfd243-bue.infd.edu.ar\/sitio\/?page_id=692"},"modified":"2026-01-01T21:31:22","modified_gmt":"2026-01-02T00:31:22","slug":"estudiantes","status":"publish","type":"page","link":"https:\/\/isfd243-bue.infd.edu.ar\/sitio\/estudiantes\/","title":{"rendered":"Estudiantes"},"content":{"rendered":"\n<p class=\"has-vivid-cyan-blue-to-vivid-purple-gradient-background has-background has-medium-font-size\">MESAS DE EXAMENES FINALES REGULARES FEBRERO 2026 <a href=\"https:\/\/docs.google.com\/spreadsheets\/d\/1sfzv8zKIyp1w2BWvvEPJ9p8qPeVN5t3zpzJglalrDOU\/edit?usp=sharing\">SECCI\u00d3N A<\/a> <a href=\"https:\/\/docs.google.com\/spreadsheets\/d\/1dy4IO86wB058hgQ5bIrKyRndu6feGCIJreHxyf1J8Tg\/edit?usp=sharing\">SECCI\u00d3N B<\/a><\/p>\n\n\n\n<p><\/p>\n\n\n\n<p class=\"has-contrast-color has-light-green-cyan-to-vivid-green-cyan-gradient-background has-text-color has-background has-medium-font-size\">MESAS DE EXAMENES FINALES DICIEMBRE 2025 <a rel=\"noreferrer noopener\" href=\"https:\/\/isfd243-bue.infd.edu.ar\/sitio\/wp-content\/uploads\/2025\/11\/Fechas-de-FINALES-Diciembre-2025__A.pdf\" target=\"_blank\">SECCI\u00d3N A<\/a> <a href=\"https:\/\/isfd243-bue.infd.edu.ar\/sitio\/wp-content\/uploads\/2025\/11\/Fechas-de-FINALES-Diciembre-2025__B.pdf\">SECCI\u00d3N B<\/a><\/p>\n\n\n\n<p class=\"has-contrast-color has-luminous-vivid-amber-to-luminous-vivid-orange-gradient-background has-text-color has-background has-medium-font-size\">MESAS DE EXAMENES LIBRES Y EQUIVALENCIAS DICIEMBRE 2025 <a href=\"https:\/\/isfd243-bue.infd.edu.ar\/sitio\/wp-content\/uploads\/2025\/11\/FINALES-Libre-y-Equiv_Dic2025__A.pdf\">SECCI\u00d3N A<\/a> <a href=\"https:\/\/isfd243-bue.infd.edu.ar\/sitio\/wp-content\/uploads\/2025\/11\/FINALES-Libre-y-Equiv_Dic2025__B.pdf\">SECCI\u00d3N B<\/a><\/p>\n\n\n\n<div class=\"wp-block-columns is-layout-flex wp-container-3\">\n<div class=\"wp-block-column is-layout-flow\">\n<figure class=\"wp-block-image size-large\"><img decoding=\"async\" loading=\"lazy\" width=\"760\" height=\"1900\" src=\"https:\/\/isfd243-bue.infd.edu.ar\/sitio\/wp-content\/uploads\/2024\/10\/tips-1-760x1900.jpg\" alt=\"\" class=\"wp-image-1602\" srcset=\"https:\/\/isfd243-bue.infd.edu.ar\/sitio\/wp-content\/uploads\/2024\/10\/tips-1-760x1900.jpg 760w, https:\/\/isfd243-bue.infd.edu.ar\/sitio\/wp-content\/uploads\/2024\/10\/tips-1-400x1000.jpg 400w, https:\/\/isfd243-bue.infd.edu.ar\/sitio\/wp-content\/uploads\/2024\/10\/tips-1-768x1920.jpg 768w, https:\/\/isfd243-bue.infd.edu.ar\/sitio\/wp-content\/uploads\/2024\/10\/tips-1-614x1536.jpg 614w, https:\/\/isfd243-bue.infd.edu.ar\/sitio\/wp-content\/uploads\/2024\/10\/tips-1.jpg 800w\" sizes=\"(max-width: 760px) 100vw, 760px\" \/><\/figure>\n<\/div>\n\n\n\n<div class=\"wp-block-column is-layout-flow\">\n<figure class=\"wp-block-image size-large\"><img decoding=\"async\" loading=\"lazy\" width=\"760\" height=\"1900\" src=\"https:\/\/isfd243-bue.infd.edu.ar\/sitio\/wp-content\/uploads\/2024\/10\/tips-2-760x1900.jpg\" alt=\"\" class=\"wp-image-1603\" srcset=\"https:\/\/isfd243-bue.infd.edu.ar\/sitio\/wp-content\/uploads\/2024\/10\/tips-2-760x1900.jpg 760w, https:\/\/isfd243-bue.infd.edu.ar\/sitio\/wp-content\/uploads\/2024\/10\/tips-2-400x1000.jpg 400w, https:\/\/isfd243-bue.infd.edu.ar\/sitio\/wp-content\/uploads\/2024\/10\/tips-2-768x1920.jpg 768w, https:\/\/isfd243-bue.infd.edu.ar\/sitio\/wp-content\/uploads\/2024\/10\/tips-2-614x1536.jpg 614w, https:\/\/isfd243-bue.infd.edu.ar\/sitio\/wp-content\/uploads\/2024\/10\/tips-2.jpg 800w\" sizes=\"(max-width: 760px) 100vw, 760px\" \/><\/figure>\n<\/div>\n<\/div>\n\n\n\n<p>Tambi\u00e9n te<strong> <\/strong>sugerimos conocer el<strong> <a href=\"https:\/\/isfd243-bue.infd.edu.ar\/sitio\/catalogo\/plan-de-estudio\/\" data-type=\"URL\" data-id=\"https:\/\/isfd243-bue.infd.edu.ar\/sitio\/catalogo\/plan-de-estudio\/\">PLAN DE ESTUDIO<\/a><\/strong>. Se encuentra en el apartado&nbsp;<strong>CARRERAS&nbsp;<\/strong>\u2013 secci\u00f3n&nbsp;<strong>Plan de estudio<\/strong>&nbsp;<a href=\"https:\/\/isfd243-bue.infd.edu.ar\/sitio\/catalogo\/plan-de-estudio\/\">https:\/\/isfd243-bue.infd.edu.ar\/sitio\/catalogo\/plan-de-estudio\/<\/a><\/p>\n\n\n\n<p>Horarios de las cursadas del profesorado de Educaci\u00f3n Primaria:<\/p>\n\n\n\n<p>secci\u00f3n A:  <a href=\"https:\/\/drive.google.com\/file\/d\/1MwSEw2j7r15s3vBMdU-LLiv7_enq_fpB\/view?usp=sharing\">https:\/\/drive.google.com\/file\/d\/1MwSEw2j7r15s3vBMdU-LLiv7_enq_fpB\/view?usp=sharing<\/a><\/p>\n\n\n\n<p>secci\u00f3n B: <a href=\"https:\/\/drive.google.com\/file\/d\/1_N4pBF0hpBiZRh2b-rRslDZ-YU0fC6I8\/view?usp=sharing\">https:\/\/drive.google.com\/file\/d\/1_N4pBF0hpBiZRh2b-rRslDZ-YU0fC6I8\/view?usp=sharing<\/a><\/p>\n\n\n\n<p>Los interesados dirigirse a el apartado siguiente:  <a href=\"https:\/\/isfd243-bue.infd.edu.ar\/sitio\/estudiantes\/fechas-importantes\/\" data-type=\"URL\" data-id=\"https:\/\/isfd243-bue.infd.edu.ar\/sitio\/estudiantes\/fechas-importantes\/\">https:\/\/isfd243-bue.infd.edu.ar\/sitio\/estudiantes\/fechas-importantes\/<\/a><\/p>\n\n\n\n<p><\/p>\n","protected":false},"excerpt":{"rendered":"<p>MESAS DE EXAMENES FINALES REGULARES FEBRERO 2026 SECCI\u00d3N A SECCI\u00d3N B MESAS DE EXAMENES FINALES DICIEMBRE 2025 SECCI\u00d3N A SECCI\u00d3N B MESAS DE EXAMENES LIBRES Y EQUIVALENCIAS DICIEMBRE 2025 SECCI\u00d3N A SECCI\u00d3N B Tambi\u00e9n te sugerimos conocer el PLAN DE ESTUDIO. Se encuentra en el apartado&nbsp;CARRERAS&nbsp;\u2013 secci\u00f3n&nbsp;Plan de estudio&nbsp;https:\/\/isfd243-bue.infd.edu.ar\/sitio\/catalogo\/plan-de-estudio\/ Horarios de las cursadas del profesorado &#8230; <a title=\"Estudiantes\" class=\"read-more\" href=\"https:\/\/isfd243-bue.infd.edu.ar\/sitio\/estudiantes\/\" aria-label=\"M\u00e1s en Estudiantes\">[+]<\/a><\/p>\n","protected":false},"author":148,"featured_media":0,"parent":0,"menu_order":0,"comment_status":"closed","ping_status":"closed","template":"","meta":[],"acf":[],"_links":{"self":[{"href":"https:\/\/isfd243-bue.infd.edu.ar\/sitio\/wp-json\/wp\/v2\/pages\/692"}],"collection":[{"href":"https:\/\/isfd243-bue.infd.edu.ar\/sitio\/wp-json\/wp\/v2\/pages"}],"about":[{"href":"https:\/\/isfd243-bue.infd.edu.ar\/sitio\/wp-json\/wp\/v2\/types\/page"}],"author":[{"embeddable":true,"href":"https:\/\/isfd243-bue.infd.edu.ar\/sitio\/wp-json\/wp\/v2\/users\/148"}],"replies":[{"embeddable":true,"href":"https:\/\/isfd243-bue.infd.edu.ar\/sitio\/wp-json\/wp\/v2\/comments?post=692"}],"version-history":[{"count":24,"href":"https:\/\/isfd243-bue.infd.edu.ar\/sitio\/wp-json\/wp\/v2\/pages\/692\/revisions"}],"predecessor-version":[{"id":2233,"href":"https:\/\/isfd243-bue.infd.edu.ar\/sitio\/wp-json\/wp\/v2\/pages\/692\/revisions\/2233"}],"wp:attachment":[{"href":"https:\/\/isfd243-bue.infd.edu.ar\/sitio\/wp-json\/wp\/v2\/media?parent=692"}],"curies":[{"name":"wp","href":"https:\/\/api.w.org\/{rel}","templated":true}]}}