{"id":727,"date":"2018-07-26T10:37:33","date_gmt":"2018-07-26T13:37:33","guid":{"rendered":"https:\/\/isfd243-bue.infd.edu.ar\/sitio\/?page_id=727"},"modified":"2025-06-16T21:38:52","modified_gmt":"2025-06-17T00:38:52","slug":"fechas-importantes","status":"publish","type":"page","link":"https:\/\/isfd243-bue.infd.edu.ar\/sitio\/estudiantes\/fechas-importantes\/","title":{"rendered":""},"content":{"rendered":"\n<p><\/p>\n\n\n\n<p class=\"has-text-align-center has-accent-color has-text-color has-large-font-size\"><span style=\"color: #33cccc;\"><strong><span class=\"WdYUQQ text-decoration-none text-strikethrough-none\">ISFD N\u00b0 243 <\/span><\/strong><\/span><\/p>\n\n\n\n<p class=\"has-text-align-center\">TRAMO DE FORMACI\u00d3N PEDAG\u00d3GICA RESOLUCI\u00d3N No 2076\/24<\/p>\n\n\n\n<p class=\"has-text-align-center\"><span style=\"color: #ff00ff;\"><strong>INFORMACI\u00d3N IMPORTANTE PARA INGRESANTES 2025<\/strong><\/span><\/p>\n\n\n\n<p><strong>Duraci\u00f3n del Tramo de formaci\u00f3n pedag\u00f3gica:<\/strong> 4 (cuatro) cuatrimestres<\/p>\n\n\n\n<p><strong>Inicio de la cursada:<\/strong>&nbsp; 1\u00b0 cuatrimestre, agosto 2025<\/p>\n\n\n\n<p><strong>Enmarcada en la Resoluci\u00f3n N\u00b0 2076\/2024:<\/strong> informaci\u00f3n en este enlace <a href=\"https:\/\/drive.google.com\/file\/d\/1jZ1dBpbV5cUysgSmNiqpRk7K2qkBCOmQ\/view?usp=sharing\"><strong><em>Resoluci\u00f3n N\u00b0 2076\/24<\/em><\/strong><\/a><\/p>\n\n\n\n<p><strong>Organizaci\u00f3n de la cursada y formatos:<\/strong> mixto, combina clases de presencialidad plena y combinada (presencial, sincr\u00f3nica y asincr\u00f3nica) Informaci\u00f3n en este enlace:&nbsp;<\/p>\n\n\n\n<p>&#x1f4cc; <a href=\"https:\/\/drive.google.com\/file\/d\/1t0oDc6soOtwbIxH5kTvLW9vZtYuH1w1M\/view?usp=drive_link\">HORARIOS _HOJA DE RUTA-TRAMO PEDAG\u00d3GICO 1\u00b0 CUATRIMESTRE (1).pdf<\/a><\/p>\n\n\n\n<p><strong>D\u00cdAS y HORARIOS: <\/strong>Viernes de 18.30 a 22.30 y S\u00e1bados de 8.00 a 14.00hs&nbsp;<\/p>\n\n\n\n<p><strong>Caracterizaci\u00f3n de los destinatarios:<\/strong><\/p>\n\n\n\n<p>Las y los destinatarios de esta propuesta poseen saberes provenientes de diferentes campos profesionales, disciplinares y\/o t\u00e9cnicos. Cuentan con desempe\u00f1o docente o se han desempe\u00f1ado en el sistema educativo bonaerense, por lo que han construido experiencias y conocimientos para abordar problem\u00e1ticas educativas desde el quehacer cotidiano.<\/p>\n\n\n\n<p><strong>Condiciones de ingreso<\/strong><\/p>\n\n\n\n<p>Podr\u00e1n inscribirse para cursar este tramo<\/p>\n\n\n\n<p>&#8211; Quienes posean t\u00edtulo de educaci\u00f3n superior o secundario t\u00e9cnico y que se est\u00e9n desempe\u00f1ando en el sistema educativo jurisdiccional.<\/p>\n\n\n\n<p>&#8211; Quienes posean t\u00edtulo de educaci\u00f3n superior o secundario t\u00e9cnico y que se hayan desempe\u00f1ado al menos un ciclo lectivo en el sistema educativo jurisdiccional en los \u00faltimos 5 a\u00f1os.<\/p>\n\n\n\n<p>&nbsp;<strong>Instancias de inscripci\u00f3n<\/strong><\/p>\n\n\n\n<p class=\"has-accent-color has-white-background-color has-text-color has-background\">1\u00ba Instancia, Pre-inscripci\u00f3n<\/p>\n\n\n\n<p>En el siguiente formulario se genera para registrar la pre-inscripci\u00f3n y luego poder realizar la inscripci\u00f3n definitiva al Tramo de Formaci\u00f3n Pedag\u00f3gico &#x1f44d;<a href=\"https:\/\/forms.gle\/peNJWGJzPQeqLbNG6\">https:\/\/forms.gle\/peNJWGJzPQeqLbNG6<\/a><\/p>\n\n\n\n<p><strong><em>Podr\u00e1n inscribirse para cursar:<\/em><\/strong><\/p>\n\n\n\n<ul class=\"has-pale-ocean-gradient-background has-background\">\n<li>Quienes posean <strong>t\u00edtulo de educaci\u00f3n superior<\/strong> o <strong>secundario t\u00e9cnico<\/strong> y que <strong>se est\u00e9n desempe\u00f1ando en el sistema educativo jurisdiccional.<\/strong><\/li>\n\n\n\n<li>Quienes posean <strong>t\u00edtulo de educaci\u00f3n superior<\/strong> o <strong>secundario t\u00e9cnico<\/strong> y que se hayan desempe\u00f1ado <strong>al menos un ciclo lectivo completo en el sistema educativo jurisdiccional en los \u00faltimos 5 a\u00f1os<\/strong><\/li>\n<\/ul>\n\n\n\n<ul>\n<li><strong>Per\u00edodo de pre-inscripci\u00f3n VIRTUAL del 17\/6 al 27\/6\/2025<\/strong><\/li>\n\n\n\n<li><\/li>\n<\/ul>\n\n\n\n<p class=\"has-accent-color has-text-color\">2\u00ba Instancia, Inscripci\u00f3n final<\/p>\n\n\n\n<p class=\"has-pale-ocean-gradient-background has-background\">La inscripci\u00f3n on-line ser\u00e1 VALIDADA con la documentaci\u00f3n en ORIGINAL, correspondiente al momento de la entrega de manera presencial <strong><em>(SER\u00c1N NOTIFICADOS POR MAIL EL D\u00cdA QUE DEBAN PRESENTARSE y LA DOCUMENTACI\u00d3N REQUERIDA)<\/em><\/strong><\/p>\n\n\n\n<p class=\"has-pale-ocean-gradient-background has-background\"><strong><em>PARA ESTA INSTANCIA<\/em><\/strong><strong><em>: Esperar el MAIL de citaci\u00f3n para entregar la documentaci\u00f3n de forma PRESENCIAL.<\/em><\/strong><\/p>\n\n\n\n<p><strong>Nota:<\/strong> ambas instancias son obligatorias para efectivizar la inscripci\u00f3n final.&nbsp;<\/p>\n\n\n\n<p>Como toda instituci\u00f3n educativa estatal sostenemos parte de nuestro funcionamiento a trav\u00e9s de los aportes voluntarios de socios y socias de la Asociaci\u00f3n Cooperadora del ISFD N\u00b0 243. Los aportes brindados tienen como finalidad cubrir las necesidades de insumos administrativos, mejoras edilicias y otras ayudas a estudiantes. Este a\u00f1o la cuota societaria anual es de $30.000.&nbsp;<\/p>\n\n\n\n<p>Las\/os esperamos \u00a1Gracias por elegir al I.S.F.D. N\u00b0 243 de Malvinas Argentinas!<\/p>\n\n\n","protected":false},"excerpt":{"rendered":"<p>ISFD N\u00b0 243 TRAMO DE FORMACI\u00d3N PEDAG\u00d3GICA RESOLUCI\u00d3N No 2076\/24 INFORMACI\u00d3N IMPORTANTE PARA INGRESANTES 2025 Duraci\u00f3n del Tramo de formaci\u00f3n pedag\u00f3gica: 4 (cuatro) cuatrimestres Inicio de la cursada:&nbsp; 1\u00b0 cuatrimestre, agosto 2025 Enmarcada en la Resoluci\u00f3n N\u00b0 2076\/2024: informaci\u00f3n en este enlace Resoluci\u00f3n N\u00b0 2076\/24 Organizaci\u00f3n de la cursada y formatos: mixto, combina clases de &#8230; <a title=\"\" class=\"read-more\" href=\"https:\/\/isfd243-bue.infd.edu.ar\/sitio\/estudiantes\/fechas-importantes\/\" aria-label=\"M\u00e1s en \">[+]<\/a><\/p>\n","protected":false},"author":148,"featured_media":1890,"parent":692,"menu_order":0,"comment_status":"closed","ping_status":"closed","template":"","meta":[],"acf":[],"_links":{"self":[{"href":"https:\/\/isfd243-bue.infd.edu.ar\/sitio\/wp-json\/wp\/v2\/pages\/727"}],"collection":[{"href":"https:\/\/isfd243-bue.infd.edu.ar\/sitio\/wp-json\/wp\/v2\/pages"}],"about":[{"href":"https:\/\/isfd243-bue.infd.edu.ar\/sitio\/wp-json\/wp\/v2\/types\/page"}],"author":[{"embeddable":true,"href":"https:\/\/isfd243-bue.infd.edu.ar\/sitio\/wp-json\/wp\/v2\/users\/148"}],"replies":[{"embeddable":true,"href":"https:\/\/isfd243-bue.infd.edu.ar\/sitio\/wp-json\/wp\/v2\/comments?post=727"}],"version-history":[{"count":28,"href":"https:\/\/isfd243-bue.infd.edu.ar\/sitio\/wp-json\/wp\/v2\/pages\/727\/revisions"}],"predecessor-version":[{"id":1925,"href":"https:\/\/isfd243-bue.infd.edu.ar\/sitio\/wp-json\/wp\/v2\/pages\/727\/revisions\/1925"}],"up":[{"embeddable":true,"href":"https:\/\/isfd243-bue.infd.edu.ar\/sitio\/wp-json\/wp\/v2\/pages\/692"}],"wp:featuredmedia":[{"embeddable":true,"href":"https:\/\/isfd243-bue.infd.edu.ar\/sitio\/wp-json\/wp\/v2\/media\/1890"}],"wp:attachment":[{"href":"https:\/\/isfd243-bue.infd.edu.ar\/sitio\/wp-json\/wp\/v2\/media?parent=727"}],"curies":[{"name":"wp","href":"https:\/\/api.w.org\/{rel}","templated":true}]}}